{"id":7,"date":"2021-03-27T14:25:42","date_gmt":"2021-03-27T13:25:42","guid":{"rendered":"http:\/\/www.cslangholm.dk\/?page_id=7"},"modified":"2021-04-01T07:43:48","modified_gmt":"2021-04-01T05:43:48","slug":"zoneterapi","status":"publish","type":"page","link":"http:\/\/www.cslangholm.dk\/?page_id=7","title":{"rendered":"Zoneterapi"},"content":{"rendered":"\n<p><strong><em>Zoneterapi&nbsp;<\/em><\/strong>er en meget gammel kinesisk behandlingsform, hvor jeg prim\u00e6rt behandler under f\u00f8dderne ved hj\u00e6lp af tryk p\u00e5 bestemte zoner.<\/p>\n\n\n\n<p>Under f\u00f8dderne findes et fuldst\u00e6ndigt kort over den menneskelige krop. Hver del af kroppen har en zone p\u00e5 f\u00f8dderne. Denne zone kaldes reflekszone. Hvis der er \u00f8mhed i en reflekszone, h\u00e6nger det sammen med, at en del af kroppen ikke fungerer optimalt. Ved at behandle de \u00f8mme zoner med specielle trykkombinationer kan zoneterapi p\u00e5virke organerne til en bedre funktion og dermed genoprette kroppens balance. Under og efter behandlingen stiger blodcirkulationen til de indre organer, og krop (og psyke) afsp\u00e6ndes. <\/p>\n\n\n\n<p><br>Man beh\u00f8ver ikke v\u00e6re syg eller fejle noget for at f\u00e5 zoneterapi. Zoneterapi er nemlig ogs\u00e5 wellness og en fin m\u00e5de at fork\u00e6le sig selv p\u00e5 og p\u00e5 den m\u00e5de rette op p\u00e5 mange af kroppens ubalancer.<\/p>\n\n\n\n<p>Et udpluk af de ubalancer,&nbsp; zoneterapi er godt for.<\/p>\n\n\n\n<ul class=\"wp-block-list\"><li>Allergier:<br>Astma, eksem, h\u00f8feber, f\u00f8devareintolerance.<\/li><\/ul>\n\n\n\n<ul class=\"wp-block-list\"><li>B\u00f8rn:<br>Kolik, mellem\u00f8rebet\u00e6ndelse, mavegener, muskelsp\u00e6ndinger, luftvejsproblemer.<\/li><\/ul>\n\n\n\n<ul class=\"wp-block-list\"><li>Ford\u00f8jelsesproblemer<br>Colittis, diarre, d\u00e5rlig \u00e5nde, forstoppelse, mave krampe, maves\u00e5r, mavesyre, oppustet mave.<\/li><\/ul>\n\n\n\n<ul class=\"wp-block-list\"><li>Immunforsvaret<br>Fork\u00f8lelse, influenza, generelt sv\u00e6kket immunforsvar, opbygning af immunforsvar efter kritisk sygdom.<\/li><\/ul>\n\n\n\n<div class=\"wp-block-image\"><figure class=\"alignright\"><img decoding=\"async\" src=\"http:\/\/www.cslangholm.dk\/wp-content\/uploads\/2021\/03\/DSC_3167-300x300.jpg\" alt=\"\"\/><\/figure><\/div>\n\n\n\n<ul class=\"wp-block-list\"><li>Kredsl\u00f8bsproblemer<br>Generelt, kolde h\u00e6nder\/f\u00f8dder, \u00f8demer (vand i kroppen), kramper, svimmelhed, h\u00f8jt\/lavt blodtryk.<\/li><\/ul>\n\n\n\n<ul class=\"wp-block-list\"><li>Luftvejsproblemer<br>Astma, allergier, bihule\/pandehulebet\u00e6ndelse, hoste.<\/li><\/ul>\n\n\n\n<ul class=\"wp-block-list\"><li>Migr\u00e6ne og andre former for hovedpiner.<\/li><\/ul>\n\n\n\n<p><strong><em>45 min. <u>kr. 350,-<\/u><br>25 min. <u>kr. 225,-<\/u> (b\u00f8rn\/babyer)<\/em><\/strong><\/p>\n\n\n\n<p><br><\/p>\n","protected":false},"excerpt":{"rendered":"<p>Zoneterapi&nbsp;er en meget gammel kinesisk behandlingsform, hvor jeg prim\u00e6rt behandler under f\u00f8dderne ved hj\u00e6lp af tryk p\u00e5 bestemte zoner. Under&hellip;<\/p>\n","protected":false},"author":1,"featured_media":126,"parent":22,"menu_order":0,"comment_status":"closed","ping_status":"closed","template":"","meta":{"footnotes":""},"class_list":["post-7","page","type-page","status-publish","has-post-thumbnail","hentry"],"_links":{"self":[{"href":"http:\/\/www.cslangholm.dk\/index.php?rest_route=\/wp\/v2\/pages\/7","targetHints":{"allow":["GET"]}}],"collection":[{"href":"http:\/\/www.cslangholm.dk\/index.php?rest_route=\/wp\/v2\/pages"}],"about":[{"href":"http:\/\/www.cslangholm.dk\/index.php?rest_route=\/wp\/v2\/types\/page"}],"author":[{"embeddable":true,"href":"http:\/\/www.cslangholm.dk\/index.php?rest_route=\/wp\/v2\/users\/1"}],"replies":[{"embeddable":true,"href":"http:\/\/www.cslangholm.dk\/index.php?rest_route=%2Fwp%2Fv2%2Fcomments&post=7"}],"version-history":[{"count":6,"href":"http:\/\/www.cslangholm.dk\/index.php?rest_route=\/wp\/v2\/pages\/7\/revisions"}],"predecessor-version":[{"id":311,"href":"http:\/\/www.cslangholm.dk\/index.php?rest_route=\/wp\/v2\/pages\/7\/revisions\/311"}],"up":[{"embeddable":true,"href":"http:\/\/www.cslangholm.dk\/index.php?rest_route=\/wp\/v2\/pages\/22"}],"wp:featuredmedia":[{"embeddable":true,"href":"http:\/\/www.cslangholm.dk\/index.php?rest_route=\/wp\/v2\/media\/126"}],"wp:attachment":[{"href":"http:\/\/www.cslangholm.dk\/index.php?rest_route=%2Fwp%2Fv2%2Fmedia&parent=7"}],"curies":[{"name":"wp","href":"https:\/\/api.w.org\/{rel}","templated":true}]}}