{"id":47,"date":"2021-03-27T14:42:28","date_gmt":"2021-03-27T13:42:28","guid":{"rendered":"http:\/\/www.cslangholm.dk\/?page_id=47"},"modified":"2021-04-01T08:17:07","modified_gmt":"2021-04-01T06:17:07","slug":"kontakt","status":"publish","type":"page","link":"http:\/\/www.cslangholm.dk\/?page_id=47","title":{"rendered":"Kontakt"},"content":{"rendered":"\n<p><strong><em>Reerslev Krops Klink<\/em><\/strong><br>Kostvejledning og Kropsbehandlinger<br>V\/ Christina S\u00f8e Langholm<br><br>Thorsager 34, Reerslev<br>2640 Hedehusene<br><br>Mail. <a href=\"mailto:cslangholm@gmail.com\"><strong>cslangholm@gmail.com<\/strong><\/a><br>tlf. 5124 3337<br><br>cvr. nr. 27023595<br><\/p>\n\n\n\n<p>Huske at f\u00f8lg mig p\u00e5: <a href=\"https:\/\/www.facebook.com\/KostvejledningReerslev \"><strong><em>https:\/\/www.facebook.com\/KostvejledningReerslev <\/em><\/strong><\/a><\/p>\n\n\n\n<p><br><strong><em>Book tid via&nbsp;<strong><em>SMS&nbsp;<strong><em>eller p\u00e5 mail<\/em><\/strong><\/em><\/strong><\/em><\/strong>. <\/p>\n\n\n\n<p>Da jeg ikke har mulighed for at svare min telefon, n\u00e5r jeg behandler, er det nemmest at kontakte mig p\u00e5 SMS eller mail, s\u00e5 svarer jeg tilbage, s\u00e5 snart jeg er ledig. Hvis du \u00f8nsker at snakke med mig, ringer jeg dig selvf\u00f8lgelig gerne op, s\u00e5 snart jeg kan. I s\u00e5 fald, skal du blot skrive det og gerne i hvilke tidsrum, det passer dig bedst, at jeg ringer.<\/p>\n","protected":false},"excerpt":{"rendered":"<p>Reerslev Krops KlinkKostvejledning og KropsbehandlingerV\/ Christina S\u00f8e Langholm Thorsager 34, Reerslev2640 Hedehusene Mail. cslangholm@gmail.comtlf. 5124 3337 cvr. nr. 27023595 Huske&hellip;<\/p>\n","protected":false},"author":1,"featured_media":0,"parent":0,"menu_order":0,"comment_status":"closed","ping_status":"closed","template":"","meta":{"footnotes":""},"class_list":["post-47","page","type-page","status-publish","hentry"],"_links":{"self":[{"href":"http:\/\/www.cslangholm.dk\/index.php?rest_route=\/wp\/v2\/pages\/47","targetHints":{"allow":["GET"]}}],"collection":[{"href":"http:\/\/www.cslangholm.dk\/index.php?rest_route=\/wp\/v2\/pages"}],"about":[{"href":"http:\/\/www.cslangholm.dk\/index.php?rest_route=\/wp\/v2\/types\/page"}],"author":[{"embeddable":true,"href":"http:\/\/www.cslangholm.dk\/index.php?rest_route=\/wp\/v2\/users\/1"}],"replies":[{"embeddable":true,"href":"http:\/\/www.cslangholm.dk\/index.php?rest_route=%2Fwp%2Fv2%2Fcomments&post=47"}],"version-history":[{"count":8,"href":"http:\/\/www.cslangholm.dk\/index.php?rest_route=\/wp\/v2\/pages\/47\/revisions"}],"predecessor-version":[{"id":334,"href":"http:\/\/www.cslangholm.dk\/index.php?rest_route=\/wp\/v2\/pages\/47\/revisions\/334"}],"wp:attachment":[{"href":"http:\/\/www.cslangholm.dk\/index.php?rest_route=%2Fwp%2Fv2%2Fmedia&parent=47"}],"curies":[{"name":"wp","href":"https:\/\/api.w.org\/{rel}","templated":true}]}}