{"id":43,"date":"2021-03-27T14:41:47","date_gmt":"2021-03-27T13:41:47","guid":{"rendered":"http:\/\/www.cslangholm.dk\/?page_id=43"},"modified":"2021-04-01T07:57:35","modified_gmt":"2021-04-01T05:57:35","slug":"11diet","status":"publish","type":"page","link":"http:\/\/www.cslangholm.dk\/?page_id=43","title":{"rendered":"The 1:1:Diet"},"content":{"rendered":"\n<p><strong><em>The 1:1 Diet By Cambridge V\u00e6gtplan<\/em><\/strong><strong>&nbsp;<\/strong>er m\u00e5ltidserstatninger til et effektivt v\u00e6gttab &amp; et sundt alternativ til dig, der vil se resultater hurtigt. The 1:1 Diet er en metode med videnskabeligt dokumenteret v\u00e6gttab. I 1960\u2019erne begyndte Dr. Alan Howard, forsker ved University of Cambridge, at unders\u00f8ge metoder til v\u00e6gttab hos overv\u00e6gtige, og i 1967 blev The 1:1 Diet by Cambridge Weightplan en realitet.<\/p>\n\n\n\n<p>I Danmark har Cambridge-produkterne ogs\u00e5 v\u00e6ret med i en del videnskabelige fors\u00f8g blandt andet p\u00e5 Hvidovre Hospital og Parker Instituttet p\u00e5 Frederiksberg Hospital i K\u00f8benhavn. Forskningen derfra viser, at et v\u00e6gttab med The 1:1 Diet opfylder alle strikse krav til sund ern\u00e6ring, og at du kan opn\u00e5 et varigt v\u00e6gttab.<\/p>\n\n\n\n<p>Hos mig f\u00e5r du personlig r\u00e5dgivning omkring dit v\u00e6gttab, s\u00e5 vi i f\u00e6llesskab kan finde den bedst mulige l\u00f8sning for at du kan n\u00e5 dit m\u00e5l. Du v\u00e6lger selv hvor mange af dine m\u00e5ltider, du vil erstatte med Cambridge-produkter. Hvis ikke alle m\u00e5ltider erstattes, b\u00f8r disse kombineres med en sund og varieret kost for at opn\u00e5 det \u00f8nskede v\u00e6gttab. Jeg er ved din side hele vejen til at r\u00e5de og guide dig, s\u00e5 du kommer ikke til at v\u00e6re alene p\u00e5 \u201cdin rejse\u201d.<\/p>\n\n\n\n<p>Cambridge-produkterne er kendte for at v\u00e6re l\u00e6kre, m\u00e6ttende og meget velsmagende. De best\u00e5r af shakes, supper, f\u00e6rdigretter, gr\u00f8d, barer og drikkeklare milkshakes. Hvis du gerne vil pr\u00f8ve produkterne f\u00f8r du beslutter dig for, om det er noget for dig, har du mulighed for at k\u00f8be en startpakke. I en startpakke finder du alle de produkter, vi har p\u00e5 det danske marked. Jeg hj\u00e6lper dig godt i gang med startpakken, som du kan k\u00f8be ved at booke tid til et GRATIS og uforpligtende informationsm\u00f8de. <\/p>\n\n\n\n<p>6 m\u00e5neders forl\u00f8b:<br>\u2013 1 opstartsm\u00f8de, 60 min. varighed inkl. Cambridge Startpakke, vejning\/bodyanalyse, m\u00e5ltagning samt f\u00f8r foto, og en lille velkomstgave.<br>\u2013 10 opf\u00f8lgningsm\u00f8der, af ca.30 min. varighed, med vejning\/bodyanalyser og m\u00e5ltagning, r\u00e5d og tips til dit videre forl\u00f8b samt fotos undervejs.\u00a0\u00a0\u00a0\u00a0\u00a0\u00a0\u00a0\u00a0\u00a0\u00a0\u00a0\u00a0\u00a0\u00a0\u00a0\u00a0\u00a0\u00a0\u00a0\u00a0\u00a0\u00a0\u00a0\u00a0\u00a0\u00a0\u00a0\u00a0\u00a0\u00a0\u00a0\u00a0\u00a0\u00a0\u00a0\u00a0\u00a0\u00a0\u00a0\u00a0\u00a0\u00a0\u00a0\u00a0\u00a0\u00a0\u00a0\u00a0\u00a0\u00a0\u00a0\u00a0\u00a0\u00a0\u00a0\u00a0\u00a0<br>\u2013 SMS- eller mailkontakt efter behov.\u00a0<br><strong><em>Samlet pris (uden produkter) i alt <u>kr. 1.995,-<\/u><\/em><br><br><em>30 min. uforpligtende infom\u00f8de kr. 0,-<\/em><\/strong><br><em><strong>Startpakke med 28 produkter <u>kr. 495.-<\/u><\/strong>*<br><br><\/em>*(hvis du har k\u00f8bt startpakken og beslutter dig inden for 30 dage at du gerne vil starte p\u00e5 et v\u00e6gttabs forl\u00f8b bliver prisen trukket fra de <u>kr. 1.995,-<\/u>, forl\u00f8bet koster) <\/p>\n\n\n\n<p><\/p>\n","protected":false},"excerpt":{"rendered":"<p>The 1:1 Diet By Cambridge V\u00e6gtplan&nbsp;er m\u00e5ltidserstatninger til et effektivt v\u00e6gttab &amp; et sundt alternativ til dig, der vil se&hellip;<\/p>\n","protected":false},"author":2,"featured_media":119,"parent":0,"menu_order":0,"comment_status":"closed","ping_status":"closed","template":"","meta":{"footnotes":""},"class_list":["post-43","page","type-page","status-publish","has-post-thumbnail","hentry"],"_links":{"self":[{"href":"http:\/\/www.cslangholm.dk\/index.php?rest_route=\/wp\/v2\/pages\/43","targetHints":{"allow":["GET"]}}],"collection":[{"href":"http:\/\/www.cslangholm.dk\/index.php?rest_route=\/wp\/v2\/pages"}],"about":[{"href":"http:\/\/www.cslangholm.dk\/index.php?rest_route=\/wp\/v2\/types\/page"}],"author":[{"embeddable":true,"href":"http:\/\/www.cslangholm.dk\/index.php?rest_route=\/wp\/v2\/users\/2"}],"replies":[{"embeddable":true,"href":"http:\/\/www.cslangholm.dk\/index.php?rest_route=%2Fwp%2Fv2%2Fcomments&post=43"}],"version-history":[{"count":7,"href":"http:\/\/www.cslangholm.dk\/index.php?rest_route=\/wp\/v2\/pages\/43\/revisions"}],"predecessor-version":[{"id":317,"href":"http:\/\/www.cslangholm.dk\/index.php?rest_route=\/wp\/v2\/pages\/43\/revisions\/317"}],"wp:featuredmedia":[{"embeddable":true,"href":"http:\/\/www.cslangholm.dk\/index.php?rest_route=\/wp\/v2\/media\/119"}],"wp:attachment":[{"href":"http:\/\/www.cslangholm.dk\/index.php?rest_route=%2Fwp%2Fv2%2Fmedia&parent=43"}],"curies":[{"name":"wp","href":"https:\/\/api.w.org\/{rel}","templated":true}]}}