{"id":36,"date":"2021-03-27T14:38:45","date_gmt":"2021-03-27T13:38:45","guid":{"rendered":"http:\/\/www.cslangholm.dk\/?page_id=36"},"modified":"2021-04-01T07:25:36","modified_gmt":"2021-04-01T05:25:36","slug":"stol","status":"publish","type":"page","link":"http:\/\/www.cslangholm.dk\/?page_id=36","title":{"rendered":"Massagestol"},"content":{"rendered":"\n<p><strong><em><em><strong>Massagestolen<\/strong><\/em>\u00a0<\/em><\/strong>er god for dig, som ikke er s\u00e5 vild med at blive r\u00f8rt ved af et andet menneske, men alligevel gerne vil have en ordentlig massage. Den er ogs\u00e5 god, hvis du ikke har s\u00e5 meget tid, men gerne vil have en fuld kropsmassage. Det kan ogs\u00e5 v\u00e6re et godt alternativ til dig, som gerne vil have noget wellness til en billig penge. Denne Luksus-massagestol giver en meget effektiv massage, som l\u00f8sner rigtig godt op i hele kroppen, og som virkelig kan m\u00e6rkes. Stolen har flere forskellige massage indstillinger, s\u00e5 den kan tilpasses dine behov og \u00f8nsker.<br><br><strong><em>15 min. \u00a0kr. 100<\/em><\/strong><br><strong><em>30 min. kr. 150,-<br><br><\/em><\/strong><\/p>\n\n\n\n<p><\/p>\n","protected":false},"excerpt":{"rendered":"<p>Massagestolen\u00a0er god for dig, som ikke er s\u00e5 vild med at blive r\u00f8rt ved af et andet menneske, men alligevel&hellip;<\/p>\n","protected":false},"author":2,"featured_media":293,"parent":6,"menu_order":0,"comment_status":"closed","ping_status":"closed","template":"","meta":{"footnotes":""},"class_list":["post-36","page","type-page","status-publish","has-post-thumbnail","hentry"],"_links":{"self":[{"href":"http:\/\/www.cslangholm.dk\/index.php?rest_route=\/wp\/v2\/pages\/36","targetHints":{"allow":["GET"]}}],"collection":[{"href":"http:\/\/www.cslangholm.dk\/index.php?rest_route=\/wp\/v2\/pages"}],"about":[{"href":"http:\/\/www.cslangholm.dk\/index.php?rest_route=\/wp\/v2\/types\/page"}],"author":[{"embeddable":true,"href":"http:\/\/www.cslangholm.dk\/index.php?rest_route=\/wp\/v2\/users\/2"}],"replies":[{"embeddable":true,"href":"http:\/\/www.cslangholm.dk\/index.php?rest_route=%2Fwp%2Fv2%2Fcomments&post=36"}],"version-history":[{"count":5,"href":"http:\/\/www.cslangholm.dk\/index.php?rest_route=\/wp\/v2\/pages\/36\/revisions"}],"predecessor-version":[{"id":308,"href":"http:\/\/www.cslangholm.dk\/index.php?rest_route=\/wp\/v2\/pages\/36\/revisions\/308"}],"up":[{"embeddable":true,"href":"http:\/\/www.cslangholm.dk\/index.php?rest_route=\/wp\/v2\/pages\/6"}],"wp:featuredmedia":[{"embeddable":true,"href":"http:\/\/www.cslangholm.dk\/index.php?rest_route=\/wp\/v2\/media\/293"}],"wp:attachment":[{"href":"http:\/\/www.cslangholm.dk\/index.php?rest_route=%2Fwp%2Fv2%2Fmedia&parent=36"}],"curies":[{"name":"wp","href":"https:\/\/api.w.org\/{rel}","templated":true}]}}