{"id":34,"date":"2021-03-27T14:38:32","date_gmt":"2021-03-27T13:38:32","guid":{"rendered":"http:\/\/www.cslangholm.dk\/?page_id=34"},"modified":"2026-01-02T19:34:48","modified_gmt":"2026-01-02T18:34:48","slug":"hot-stone","status":"publish","type":"page","link":"http:\/\/www.cslangholm.dk\/?page_id=34","title":{"rendered":"Hot Stone"},"content":{"rendered":"\n<p><strong><em>Hot Stone massage<\/em><\/strong>&nbsp;er en massageform, hvor jeg prim\u00e6rt masserer med sten, som er opvarmet til ca. 50<strong> \u00b0C<\/strong>. Dette g\u00f8r, at stenene er med til at opvarme&nbsp;dine muskler p\u00e5 en blid og behagelig m\u00e5de. Massageformen er lige s\u00e5 effektiv som almindelig fysiurgisk massage, men mange forbinder det mest med wellness.<\/p>\n\n\n\n<p>Massagen tilbydes ogs\u00e5 til gravide, hvor jeg selvf\u00f8lgelig tager hensyn til det kommende barn. Jeg har en gravidpude\/briks, s\u00e5 du og dit barn ligger godt.<\/p>\n\n\n\n<p><em>\u00a0\u00a0 \u00a0<br><strong>60 min. <u>kr. 550,-<\/u><br>90 min. <u>kr. 700<\/u><\/strong><u>,-<\/u><\/em><\/p>\n","protected":false},"excerpt":{"rendered":"<p>Hot Stone massage&nbsp;er en massageform, hvor jeg prim\u00e6rt masserer med sten, som er opvarmet til ca. 50 \u00b0C. Dette g\u00f8r,&hellip;<\/p>\n","protected":false},"author":2,"featured_media":122,"parent":6,"menu_order":0,"comment_status":"closed","ping_status":"closed","template":"","meta":{"footnotes":""},"class_list":["post-34","page","type-page","status-publish","has-post-thumbnail","hentry"],"_links":{"self":[{"href":"http:\/\/www.cslangholm.dk\/index.php?rest_route=\/wp\/v2\/pages\/34","targetHints":{"allow":["GET"]}}],"collection":[{"href":"http:\/\/www.cslangholm.dk\/index.php?rest_route=\/wp\/v2\/pages"}],"about":[{"href":"http:\/\/www.cslangholm.dk\/index.php?rest_route=\/wp\/v2\/types\/page"}],"author":[{"embeddable":true,"href":"http:\/\/www.cslangholm.dk\/index.php?rest_route=\/wp\/v2\/users\/2"}],"replies":[{"embeddable":true,"href":"http:\/\/www.cslangholm.dk\/index.php?rest_route=%2Fwp%2Fv2%2Fcomments&post=34"}],"version-history":[{"count":7,"href":"http:\/\/www.cslangholm.dk\/index.php?rest_route=\/wp\/v2\/pages\/34\/revisions"}],"predecessor-version":[{"id":381,"href":"http:\/\/www.cslangholm.dk\/index.php?rest_route=\/wp\/v2\/pages\/34\/revisions\/381"}],"up":[{"embeddable":true,"href":"http:\/\/www.cslangholm.dk\/index.php?rest_route=\/wp\/v2\/pages\/6"}],"wp:featuredmedia":[{"embeddable":true,"href":"http:\/\/www.cslangholm.dk\/index.php?rest_route=\/wp\/v2\/media\/122"}],"wp:attachment":[{"href":"http:\/\/www.cslangholm.dk\/index.php?rest_route=%2Fwp%2Fv2%2Fmedia&parent=34"}],"curies":[{"name":"wp","href":"https:\/\/api.w.org\/{rel}","templated":true}]}}