{"id":32,"date":"2021-03-27T14:38:09","date_gmt":"2021-03-27T13:38:09","guid":{"rendered":"http:\/\/www.cslangholm.dk\/?page_id=32"},"modified":"2026-01-02T19:33:48","modified_gmt":"2026-01-02T18:33:48","slug":"fysiologisk","status":"publish","type":"page","link":"http:\/\/www.cslangholm.dk\/?page_id=32","title":{"rendered":"Fysiurgisk Massage"},"content":{"rendered":"\n<p><strong><em>Fysiurgisk massage<\/em><\/strong>&nbsp;er en dybdeg\u00e5ende massage, hvor der bruges forskellige massageteknikker til at gennemarbejde kroppens muskler, sener, led og bindev\u00e6v. Denne massageform er god for dig, der d\u00f8jer med \u00f8mme muskler, myoser, tr\u00e6thed i l\u00e6nd og ryg, sp\u00e6ndingshovedpine, musearm eller overbelastnings- og akutte sportsskader.<\/p>\n\n\n\n<p><br>Effekten ved denne form massage er blandt andet:<\/p>\n\n\n\n<ul class=\"wp-block-list\"><li>\u00d8get smidighed.<\/li><li>Forbedret muskelbalance.<\/li><li>Stimuleret kredsl\u00f8b.<\/li><li>Aktiveret immunsystemet.<\/li><li>Smertestillende.<\/li><\/ul>\n\n\n\n<p>Massagen tilbydes ogs\u00e5 til gravide bare i en blidere form, og hvor jeg selvf\u00f8lgelig tager hensyn til det kommende barn. Jeg har en gravidpude\/briks, s\u00e5 du og dit barn ligger godt.<br><br>Efter behandlingen skal du v\u00e6re opm\u00e6rksom p\u00e5 at f\u00e5 drukket ekstra vand, gerne 1 liter mere end du plejer. Vandet er med til at skylle affaldsstoffer ud af kroppen. Grundet massagen vil du nemlig have en \u00f8get blodgennemstr\u00f8mning, som g\u00f8r, at affaldsstoffer hurtigere forlader sp\u00e6ndte muskler og ikkeelastisk bindev\u00e6v. Du skal derfor ikke blive nerv\u00f8s, hvis din urin lugter eller er m\u00f8rkere det f\u00f8rste d\u00f8gn efter massagen, da det er kroppen, der udskiller affaldsstofferne. Problemet kan afhj\u00e6lpes ved at drikke ekstra vand. Du kan ogs\u00e5 opleve \u00f8mhed i musklerne i op til 48 timer efter massagen. Det skyldes, at jeg har v\u00e6ret inde og arbejde i musklerne, som efterf\u00f8lgende restituerer sig. Det er ofte kun et problem de f\u00f8rste par gange, du kommer hos mig, indtil musklerne har v\u00e6nnet sig til behandlingen.<br><\/p>\n\n\n\n<ul class=\"wp-block-list\"><li><strong><em>30 min. <u>kr. 250,-<\/u><\/em><\/strong><\/li><li><strong><em>60 min. <u>kr. 450,-<\/u><\/em><\/strong><\/li><li><strong><em>90 min. <u>kr. 600,-<\/u><\/em><\/strong><\/li><\/ul>\n","protected":false},"excerpt":{"rendered":"<p>Fysiurgisk massage&nbsp;er en dybdeg\u00e5ende massage, hvor der bruges forskellige massageteknikker til at gennemarbejde kroppens muskler, sener, led og bindev\u00e6v. Denne&hellip;<\/p>\n","protected":false},"author":1,"featured_media":86,"parent":6,"menu_order":0,"comment_status":"closed","ping_status":"closed","template":"","meta":{"footnotes":""},"class_list":["post-32","page","type-page","status-publish","has-post-thumbnail","hentry"],"_links":{"self":[{"href":"http:\/\/www.cslangholm.dk\/index.php?rest_route=\/wp\/v2\/pages\/32","targetHints":{"allow":["GET"]}}],"collection":[{"href":"http:\/\/www.cslangholm.dk\/index.php?rest_route=\/wp\/v2\/pages"}],"about":[{"href":"http:\/\/www.cslangholm.dk\/index.php?rest_route=\/wp\/v2\/types\/page"}],"author":[{"embeddable":true,"href":"http:\/\/www.cslangholm.dk\/index.php?rest_route=\/wp\/v2\/users\/1"}],"replies":[{"embeddable":true,"href":"http:\/\/www.cslangholm.dk\/index.php?rest_route=%2Fwp%2Fv2%2Fcomments&post=32"}],"version-history":[{"count":8,"href":"http:\/\/www.cslangholm.dk\/index.php?rest_route=\/wp\/v2\/pages\/32\/revisions"}],"predecessor-version":[{"id":380,"href":"http:\/\/www.cslangholm.dk\/index.php?rest_route=\/wp\/v2\/pages\/32\/revisions\/380"}],"up":[{"embeddable":true,"href":"http:\/\/www.cslangholm.dk\/index.php?rest_route=\/wp\/v2\/pages\/6"}],"wp:featuredmedia":[{"embeddable":true,"href":"http:\/\/www.cslangholm.dk\/index.php?rest_route=\/wp\/v2\/media\/86"}],"wp:attachment":[{"href":"http:\/\/www.cslangholm.dk\/index.php?rest_route=%2Fwp%2Fv2%2Fmedia&parent=32"}],"curies":[{"name":"wp","href":"https:\/\/api.w.org\/{rel}","templated":true}]}}