{"id":20,"date":"2021-03-27T14:31:41","date_gmt":"2021-03-27T13:31:41","guid":{"rendered":"http:\/\/www.cslangholm.dk\/?page_id=20"},"modified":"2026-01-02T19:56:28","modified_gmt":"2026-01-02T18:56:28","slug":"hvem-er-jeg","status":"publish","type":"page","link":"http:\/\/www.cslangholm.dk\/?page_id=20","title":{"rendered":"Hvem er jeg:"},"content":{"rendered":"\n<div class=\"wp-block-image\"><figure class=\"alignleft\"><img decoding=\"async\" src=\"http:\/\/www.cslangholm.dk\/wp-content\/uploads\/2021\/03\/profil1-300x300.jpg\" alt=\"\"\/><\/figure><\/div>\n\n\n\n<p><\/p>\n\n\n\n<p><\/p>\n\n\n\n<p><\/p>\n\n\n\n<p><strong>C<strong>hristina S\u00f8e Langholm, f\u00f8dt januar 1974.&nbsp; Jeg har igennem mange \u00e5r masseret familie og venner, men i \u00e5r 2008 tog jeg den beslutning at dygtigg\u00f8re mig inden for&nbsp;alternativbehandling. Efter 10 \u00e5r som b\u00f8rnefotograf, valgte jeg alts\u00e5 at skifte branche og uddanne mig til professionel behandler.<\/strong><\/strong><\/p>\n\n\n\n<p><\/p>\n\n\n\n<p><\/p>\n\n\n\n<p><\/p>\n\n\n\n<p><\/p>\n\n\n\n<p><strong>Mit CV:<br>Marts 2009:&nbsp;Uddannet Fysiurgisk Mass\u00f8r<br>Juni 2009: Kursus i Aromaterapi<br>November 2009: Kursus i Tibetansk nakkebehandling<br>Maj 2010: Kursus i Hot Stone Massage<br>Juni 2010: Uddannet Zoneterapeut<br>Februar 2011: Genopfriskningskursus i massage<br>Marts 2011: Uddannet \u00f8reakupunktur<br>September 2011: Uddannet NMM terapeut (neuromuskul\u00e6r manipulation)<br>Oktober 2011: Kursus i Japansk liftning.<br>December 2013: Uddannet skadesterapeut<br>December 2013: L\u00e6geeksamineret massageterapeut<br>Februar 2015: Kursus i Japansk ansigts-akupunktur (Kosmetisk akupunktur)<br>April 2016: Kursus i kost og v\u00e6gttab<br>Januar 2017: Uddannet kostvejleder og slankekonsulent<br>Februar 2018: Kursus i mad, nydelse og n\u00e6rv\u00e6r.<br>Februar 2018: Uddannet konsulent i Proces Ern\u00e6ring<br>Juni 2018: Kursus i Cupping massage <\/strong>&nbsp;&nbsp;<\/p>\n\n\n\n<p><strong><em>Jeg \u00e5bnede klinik i Ringsted 2010 under navnet C. S. Langholm \u2013 Massage og Velv\u00e6re. I\u00a0juli 2018 lukkede jeg klinikken i Ringsted for at rykke den hjem til min hjemmeadresse i Reerslev. I den forbindelse \u00e6ndrede klinikken navn til Reerslev Krops Klinik \u2013 Kostvejledning og Kropsbehandlinger.<br><br>Udover klinikken i Reerslev er jeg fast mass\u00f8r i flere forskellige virksomheder, samt at jeg har i en \u00e5rr\u00e6kke har v\u00e6ret fast mass\u00f8r p\u00e5 Tyrkisk Bad i Holb\u00e6k.\u00a0<br><\/em><\/strong><\/p>\n\n\n\n<p><strong><em>Jeg tager l\u00f8bende kurser og uddannelser for at udvikle mig og holde mig opdateret p\u00e5 omr\u00e5det, s\u00e5 jeg altid kan levere den bedst mulige behandling til dig.<\/em><\/strong><\/p>\n\n\n\n<p><\/p>\n","protected":false},"excerpt":{"rendered":"<p>Christina S\u00f8e Langholm, f\u00f8dt januar 1974.&nbsp; Jeg har igennem mange \u00e5r masseret familie og venner, men i \u00e5r 2008 tog&hellip;<\/p>\n","protected":false},"author":1,"featured_media":0,"parent":0,"menu_order":0,"comment_status":"closed","ping_status":"closed","template":"","meta":{"footnotes":""},"class_list":["post-20","page","type-page","status-publish","hentry"],"_links":{"self":[{"href":"http:\/\/www.cslangholm.dk\/index.php?rest_route=\/wp\/v2\/pages\/20","targetHints":{"allow":["GET"]}}],"collection":[{"href":"http:\/\/www.cslangholm.dk\/index.php?rest_route=\/wp\/v2\/pages"}],"about":[{"href":"http:\/\/www.cslangholm.dk\/index.php?rest_route=\/wp\/v2\/types\/page"}],"author":[{"embeddable":true,"href":"http:\/\/www.cslangholm.dk\/index.php?rest_route=\/wp\/v2\/users\/1"}],"replies":[{"embeddable":true,"href":"http:\/\/www.cslangholm.dk\/index.php?rest_route=%2Fwp%2Fv2%2Fcomments&post=20"}],"version-history":[{"count":16,"href":"http:\/\/www.cslangholm.dk\/index.php?rest_route=\/wp\/v2\/pages\/20\/revisions"}],"predecessor-version":[{"id":386,"href":"http:\/\/www.cslangholm.dk\/index.php?rest_route=\/wp\/v2\/pages\/20\/revisions\/386"}],"wp:attachment":[{"href":"http:\/\/www.cslangholm.dk\/index.php?rest_route=%2Fwp%2Fv2%2Fmedia&parent=20"}],"curies":[{"name":"wp","href":"https:\/\/api.w.org\/{rel}","templated":true}]}}