{"id":150,"date":"2021-03-28T14:20:05","date_gmt":"2021-03-28T12:20:05","guid":{"rendered":"http:\/\/www.cslangholm.dk\/?page_id=150"},"modified":"2021-11-21T11:06:23","modified_gmt":"2021-11-21T10:06:23","slug":"supper","status":"publish","type":"page","link":"http:\/\/www.cslangholm.dk\/?page_id=150","title":{"rendered":"Supper og Gr\u00f8d"},"content":{"rendered":"\n<figure class=\"wp-block-table\"><table><tbody><tr><td><img decoding=\"async\" src=\"http:\/\/www.cslangholm.dk\/wp-content\/uploads\/2021\/03\/leek-potato-300x300.jpeg\" alt=\"\"><\/td><td><img decoding=\"async\" src=\"http:\/\/www.cslangholm.dk\/wp-content\/uploads\/2021\/03\/oriental-chilli-300x300.jpeg\" alt=\"\"><\/td><\/tr><tr><td><img loading=\"lazy\" decoding=\"async\" src=\"http:\/\/www.cslangholm.dk\/wp-content\/uploads\/2021\/03\/Havregroed.jpeg\" alt=\"\" height=\"300\" width=\"300\"><\/td><td><img loading=\"lazy\" decoding=\"async\" src=\"http:\/\/www.cslangholm.dk\/wp-content\/uploads\/2021\/03\/Groed-m.-baer.png\" alt=\"\" height=\"300\" width=\"300\"><\/td><\/tr><\/tbody><\/table><\/figure>\n\n\n\n<p>Supper og Gr\u00f8d s\u00e6lges i \u00e6sker med 21 stk. i hver. <br><em><strong>Frit valg <u>kr. 525,-<\/u>  pr. \u00e6ske.<\/strong><\/em><\/p>\n","protected":false},"excerpt":{"rendered":"<p>Supper og Gr\u00f8d s\u00e6lges i \u00e6sker med 21 stk. i hver. Frit valg kr. 525,- pr. \u00e6ske.<\/p>\n","protected":false},"author":2,"featured_media":0,"parent":0,"menu_order":0,"comment_status":"closed","ping_status":"closed","template":"","meta":{"footnotes":""},"class_list":["post-150","page","type-page","status-publish","hentry"],"_links":{"self":[{"href":"http:\/\/www.cslangholm.dk\/index.php?rest_route=\/wp\/v2\/pages\/150","targetHints":{"allow":["GET"]}}],"collection":[{"href":"http:\/\/www.cslangholm.dk\/index.php?rest_route=\/wp\/v2\/pages"}],"about":[{"href":"http:\/\/www.cslangholm.dk\/index.php?rest_route=\/wp\/v2\/types\/page"}],"author":[{"embeddable":true,"href":"http:\/\/www.cslangholm.dk\/index.php?rest_route=\/wp\/v2\/users\/2"}],"replies":[{"embeddable":true,"href":"http:\/\/www.cslangholm.dk\/index.php?rest_route=%2Fwp%2Fv2%2Fcomments&post=150"}],"version-history":[{"count":7,"href":"http:\/\/www.cslangholm.dk\/index.php?rest_route=\/wp\/v2\/pages\/150\/revisions"}],"predecessor-version":[{"id":369,"href":"http:\/\/www.cslangholm.dk\/index.php?rest_route=\/wp\/v2\/pages\/150\/revisions\/369"}],"wp:attachment":[{"href":"http:\/\/www.cslangholm.dk\/index.php?rest_route=%2Fwp%2Fv2%2Fmedia&parent=150"}],"curies":[{"name":"wp","href":"https:\/\/api.w.org\/{rel}","templated":true}]}}