{"id":10,"date":"2021-03-27T14:25:42","date_gmt":"2021-03-27T13:25:42","guid":{"rendered":"http:\/\/www.cslangholm.dk\/?page_id=10"},"modified":"2025-10-24T09:39:26","modified_gmt":"2025-10-24T07:39:26","slug":"ansigtbehandlinger","status":"publish","type":"page","link":"http:\/\/www.cslangholm.dk\/?page_id=10","title":{"rendered":"Ansigtsbehandling"},"content":{"rendered":"\n<p><strong><em>Face lift<\/em><\/strong> er en kombination af japanske behandlingsteknikker og teknikker inden for ansigtszoneterapien. Man g\u00e5r ind og arbejder p\u00e5 ansigtets muskler. Ved hj\u00e6lp af helt specielle teknikker kan&nbsp;man afsp\u00e6nde ansigtet og dermed l\u00f8fte og glatte eventuelle rynker ud, som er for\u00e5rsaget af sp\u00e6ndinger.&nbsp;Netop&nbsp;ved at g\u00e5 ind og arbejde p\u00e5 ansigtets muskler, f\u00e5r ansigtet et helt anderledes og afslappet udseende, som giver et mere ungdommeligt og friskt look. Samtidig dr\u00e6nes ansigtsv\u00e6vet for eventuelle v\u00e6skeophobninger, hvilket automatisk giver en afslappet fornemmelse i ansigtet og et dejligt velv\u00e6re i kroppen. Huden f\u00e5r ofte en mere frisk gl\u00f8d allerede efter f\u00f8rste behandling p\u00e5 grund af den for\u00f8gede blodgennemstr\u00f8mning i v\u00e6vet. <\/p>\n\n\n\n<p>Selve behandlingen indeholder: afrensning af huden i ansigtss\u00e6be efterfulgt af en peeling. En maske best\u00e5ende af forskellige urter i en fiberdug, som skal sidde og virke i 45 min. Masken bliver \u201dstr\u00f8get\u201d p\u00e5 med nogle jaderuller, som ogs\u00e5 stimulerer dine muskler. Imens du ligger med masken, f\u00e5r du en let h\u00e5nd- og underarmsmassage. Efter masken f\u00e5r du stimuleret akupunkturpunkter og ansigtszoner efterfulgt af en r\u00e6kke&nbsp;ansigtsmassageteknikker. Der afsluttes med en&nbsp;nakke- og hovedbundsmassage.<\/p>\n\n\n\n<p><strong><em>90 min. <u>kr. 800<\/u><\/em><\/strong><em>,-<\/em><\/p>\n","protected":false},"excerpt":{"rendered":"<p>Face lift er en kombination af japanske behandlingsteknikker og teknikker inden for ansigtszoneterapien. Man g\u00e5r ind og arbejder p\u00e5 ansigtets&hellip;<\/p>\n","protected":false},"author":1,"featured_media":95,"parent":22,"menu_order":0,"comment_status":"closed","ping_status":"closed","template":"","meta":{"footnotes":""},"class_list":["post-10","page","type-page","status-publish","has-post-thumbnail","hentry"],"_links":{"self":[{"href":"http:\/\/www.cslangholm.dk\/index.php?rest_route=\/wp\/v2\/pages\/10","targetHints":{"allow":["GET"]}}],"collection":[{"href":"http:\/\/www.cslangholm.dk\/index.php?rest_route=\/wp\/v2\/pages"}],"about":[{"href":"http:\/\/www.cslangholm.dk\/index.php?rest_route=\/wp\/v2\/types\/page"}],"author":[{"embeddable":true,"href":"http:\/\/www.cslangholm.dk\/index.php?rest_route=\/wp\/v2\/users\/1"}],"replies":[{"embeddable":true,"href":"http:\/\/www.cslangholm.dk\/index.php?rest_route=%2Fwp%2Fv2%2Fcomments&post=10"}],"version-history":[{"count":8,"href":"http:\/\/www.cslangholm.dk\/index.php?rest_route=\/wp\/v2\/pages\/10\/revisions"}],"predecessor-version":[{"id":378,"href":"http:\/\/www.cslangholm.dk\/index.php?rest_route=\/wp\/v2\/pages\/10\/revisions\/378"}],"up":[{"embeddable":true,"href":"http:\/\/www.cslangholm.dk\/index.php?rest_route=\/wp\/v2\/pages\/22"}],"wp:featuredmedia":[{"embeddable":true,"href":"http:\/\/www.cslangholm.dk\/index.php?rest_route=\/wp\/v2\/media\/95"}],"wp:attachment":[{"href":"http:\/\/www.cslangholm.dk\/index.php?rest_route=%2Fwp%2Fv2%2Fmedia&parent=10"}],"curies":[{"name":"wp","href":"https:\/\/api.w.org\/{rel}","templated":true}]}}